{"id":49314,"date":"2023-07-03T14:45:18","date_gmt":"2023-07-03T12:45:18","guid":{"rendered":"https:\/\/realkrk.com\/polityka-prywatnosci\/"},"modified":"2024-10-29T12:44:17","modified_gmt":"2024-10-29T11:44:17","slug":"polityka-prywatnosci","status":"publish","type":"page","link":"https:\/\/realkrk.com\/pl\/polityka-prywatnosci\/","title":{"rendered":"Polityka Prywatno\u015bci"},"content":{"rendered":"\n<h2 class=\"wp-block-heading\">\n          <strong class=\"\">POLITYKA PRYWATNO\u015aCI I PLIK\u00d3W COOKIES<\/strong>\n        <\/h2>\n\n<p>Administratorem danych osobowych jest Klaudia Zaj\u0105c prowadz\u0105ca dzia\u0142alno\u015b\u0107 gospodarcz\u0105 pod firm\u0105 <strong class=\"\">Klaudia Zaj\u0105c Real Estates<\/strong>, wpisan\u0105 do centralnej ewidencji i dzia\u0142alno\u015bci gospodarczej pod numerem NIP: 6372183603, REGON: 389325692, ul. Aleksandra Fredry 13 lok. 3, 30-605 Krak\u00f3w (dalej: \u201eAdministrator\u201d).  <\/p>\n\n<p>Kontakt z Administratorem jest mo\u017cliwy za po\u015brednictwem: <strong class=\"\"><a href=\"mailto:office@realkrk.com\" class=\"\">office@realkrk.com<\/a> <\/strong> <\/p>\n\n<p>\n          <strong class=\"\">\n            <u class=\"\">W jakim celu przetwarzamy dane osobowe ? <\/u>\n          <\/strong>\n        <\/p>\n\n<p>Dane osobowe przetwarzane s\u0105 w zakresie niezb\u0119dnym w celu realizacji w spos\u00f3b prawid\u0142owy \u015bwiadczonych przez nas us\u0142ug, w tym przyk\u0142adowo: nawi\u0105zanie kontaktu, um\u00f3wienie daty spotkania, ustalenie szczeg\u00f3\u0142\u00f3w oferty. Podczas gromadzenia danych osobowych zostaniesz ka\u017cdorazowo poinformowany, na jakiej podstawie i w jakim celu zbieramy Twoje dane. <\/p>\n\n<p>\n          <strong class=\"\">\n            <u class=\"\">Jakie dane osobowe gromadzimy?<\/u>\n          <\/strong>\n        <\/p>\n\n<p>Mo\u017cemy gromadzi\u0107, przetwarza\u0107 oraz wykorzystywa\u0107 nast\u0119puj\u0105ce dane osobowe pod warunkiem uzyskania zgody klienta w stosownych przypadkach:<\/p>\n\n<ul class=\"wp-block-list\">\n<li>dane kontaktowe, tj. informacje umo\u017cliwiaj\u0105ce identyfikacj\u0119 i kontakt z klientem. Te informacje obejmuj\u0105 imi\u0119 lub nazwisko, adres poczty elektronicznej, numer telefonu,  <\/li>\n\n\n\n<li>informacje dodatkowe, tj. informacje, kt\u00f3re nam Pa\u0144stwo przekazuj\u0105, aby korzysta\u0107 z naszych us\u0142ug b\u0105d\u017a dowiedzie\u0107 si\u0119 o naszych produktach i us\u0142ugach, takie jak informacje o preferencjach zakupu\/sprzeda\u017cy nieruchomo\u015bci, <\/li>\n\n\n\n<li>informacje og\u00f3lne, tj. informacje generowane podczas korzystania z naszych produkt\u00f3w i us\u0142ug. <\/li>\n<\/ul>\n\n<p>\n          <strong class=\"\">\n            <u class=\"\">Okres przechowywania danych osobowych<\/u>\n          <\/strong>\n        <\/p>\n\n<p>Okres przechowywania danych osobowych jest powi\u0105zany z celami i podstawami ich przetwarzania.<\/p>\n\n<p>Dane osobowe b\u0119d\u0105 przetwarzane przez czas potrzebny na realizacj\u0119 us\u0142ug przez Administratora, a po zako\u0144czeniu ich \u015bwiadczenia przez czas potrzebny na wykazanie prawid\u0142owo\u015bci wykonania obowi\u0105zk\u00f3w Administratora. Okres ten odpowiada d\u0142ugo\u015bci okresu przedawnienia roszcze\u0144. <\/p>\n\n<p>Dane osobowe przetwarzane b\u0119d\u0105 w celach marketingowych przez okres w jakim te cele wynikaj\u0105ce ze zgody pozostaj\u0105 wa\u017cne, a je\u015bli wycofasz zgod\u0119 to do momentu cofni\u0119cia zgody.<\/p>\n\n<p>Po up\u0142ywie tych okres\u00f3w dane b\u0119d\u0105 usuwane lub zanonimizowane.<\/p>\n\n<p>\n          <strong class=\"\">\n            <u class=\"\">Czy udost\u0119pniamy Twoje dane?<\/u>\n          <\/strong>\n        <\/p>\n\n<p>Dane mog\u0105 by\u0107 udost\u0119pniane:<\/p>\n\n<ul class=\"wp-block-list\">\n<li>podmiotom i organom, kt\u00f3rym Administrator jest zobowi\u0105zany lub upowa\u017cniony udost\u0119pni\u0107 dane osobowe na podstawie powszechnie obowi\u0105zuj\u0105cych przepis\u00f3w prawa<\/li>\n\n\n\n<li>innym podmiotom, kt\u00f3re przetwarzaj\u0105 dane w imieniu Administratora, kt\u00f3rym Administrator danych mo\u017ce zleci\u0107 wykonywanie pewnych technicznych czynno\u015bci w zwi\u0105zku z przetwarzaniem danych osobowych, co ka\u017cdorazowo odbywa\u0107 si\u0119 b\u0119dzie na podstawie umowy powierzenia przetwarzania danych osobowych.<\/li>\n<\/ul>\n\n<p>Podmioty te gwarantuj\u0105 wykorzystywanie powierzonych danych jedynie do zapewnienia nam danej us\u0142ugi lub produktu.<\/p>\n\n<p>\n          <strong class=\"\">\n            <u class=\"\">Kontrola nad przekazanymi danymi osobowymi.<\/u>\n          <\/strong>\n        <\/p>\n\n<p>Zgodnie z przepisami Og\u00f3lnego Rozporz\u0105dzenia dotycz\u0105cego Ochrony Danych Osobowych oraz ustawy Prawo telekomunikacyjne przys\u0142uguje Ci prawo:<\/p>\n\n<ul class=\"wp-block-list\">\n<li>wycofania udzielonej zgody (bez podawania przyczyny)<\/li>\n\n\n\n<li>dost\u0119pu do danych<\/li>\n\n\n\n<li>sprostowania danych<\/li>\n\n\n\n<li>usuni\u0119cia danych<\/li>\n\n\n\n<li>ograniczenia przetwarzania danych, pod nast\u0119puj\u0105cymi warunkami:<\/li>\n<\/ul>\n\n<p>&#8211; niepoprawno\u015bci danych, do momentu zweryfikowania ich poprawno\u015bci<\/p>\n\n<p>&#8211; je\u015bli przetwarzanie jest niezgodne z prawem (zamiast \u017c\u0105dania usuni\u0119cia danych osobowych przys\u0142uguje Ci prawo \u017c\u0105dania ograniczenia ich u\u017cywania<\/p>\n\n<p>&#8211; je\u015bli nie potrzebujemy ju\u017c Twoich danych osobowych, ale s\u0105 one wymagane do zg\u0142oszenia lub oddalenia roszczenia<\/p>\n\n<ul class=\"wp-block-list\">\n<li>prawo do przenoszenia danych,<\/li>\n\n\n\n<li>prawo wniesienia sprzeciwu, za\u017c\u0105dania zaprzestania przetwarzania i przenoszenia danych,<\/li>\n\n\n\n<li>prawo do cofni\u0119cia zgody w dowolnym momencie,<\/li>\n\n\n\n<li>prawo do wniesienia skargi do organu nadzorczego (tj.: Prezes Urz\u0119du Ochrony Danych Osobowych) w momencie uznania, i\u017c przetwarzanie przez nas danych osobowych odbywa si\u0119 w spos\u00f3b niew\u0142a\u015bciwych<\/li>\n<\/ul>\n\n<p>W celu realizacji Twoich uprawnie\u0144, wyra\u017cenia albo cofni\u0119cia zg\u00f3d oraz wnoszenia sprzeciw\u00f3w opisanych powy\u017cej mo\u017cesz skorzysta\u0107 z poni\u017cszych mo\u017cliwo\u015bci kontaktu: <strong class=\"\"><a href=\"mailto:office@klaudiazajac.pl\" class=\"\">office@r<\/a><a href=\"http:\/\/ealkrk.com\" class=\"\">ealkrk.com<\/a><\/strong><\/p>\n\n<h2 class=\"wp-block-heading\">\n          <strong class=\"\">POLITYKA COOKIES<\/strong>\n        <\/h2>\n\n<p>\n          <strong class=\"\">Definicje: <\/strong>\n        <\/p>\n\n<p><strong class=\"\">Administrator<\/strong> \u2013 Administratorem danych osobowych jest Klaudia Zaj\u0105c prowadz\u0105ca dzia\u0142alno\u015b\u0107 gospodarcz\u0105 pod firm\u0105 Klaudia Zaj\u0105c Real Estates, wpisan\u0105 do centralnej ewidencji i dzia\u0142alno\u015bci gospodarczej pod numerem NIP: 6372183603, REGON: 389325692, ul. Aleksandra Fredry 13 lok. 3, 30-605 Krak\u00f3w  <\/p>\n\n<p><strong class=\"\">U\u017cytkownik<\/strong> \u2013 ka\u017cda osoba lub podmiot, kt\u00f3ry korzysta ze strony internetowej: <strong class=\"\"><a href=\"http:\/\/www.realkrk.com\" class=\"\">www.realkrk.com<\/a><\/strong><\/p>\n\n<p><strong class=\"\">Dane osobowe<\/strong> \u2013 wszelkie informacje dotycz\u0105ce zidentyfikowanej lub mo\u017cliwej do zidentyfikowania osoby fizycznej<\/p>\n\n<p><strong class=\"\">Serwisy<\/strong> \u2013 strona internetowa: <a href=\"http:\/\/www.realkrk.com\" class=\"\">www.realkrk.com<\/a>, kt\u00f3rej w\u0142a\u015bcicielem jest Administrator.<strong class=\"\"> <\/strong><\/p>\n\n<ol class=\"wp-block-list\">\n<li>Serwis korzysta z plik\u00f3w cookies.<\/li>\n\n\n\n<li>Pliki cookies (tzw. \u201eciasteczka\u201d) stanowi\u0105 dane informatyczne, w szczeg\u00f3lno\u015bci pliki tekstowe, kt\u00f3re przechowywane s\u0105 w urz\u0105dzeniu ko\u0144cowym U\u017cytkownika Serwisu. Cookies zazwyczaj zawieraj\u0105 nazw\u0119 strony internetowej, z kt\u00f3rej pochodz\u0105, czas przechowywania ich na urz\u0105dzeniu ko\u0144cowym oraz unikalny numer. <\/li>\n\n\n\n<li>Pliki cookies wykorzystywane s\u0105 w nast\u0119puj\u0105cych celach:<\/li>\n<\/ol>\n\n<ul class=\"wp-block-list\">\n<li>dostosowania zawarto\u015bci stron serwis\u00f3w internetowych do preferencji u\u017cytkownika oraz optymalizacji korzystania ze stron internetowych; w szczeg\u00f3lno\u015bci pliki te pozwalaj\u0105 rozpozna\u0107 urz\u0105dzenie u\u017cytkownika serwisu internetowego i odpowiednio wy\u015bwietli\u0107 stron\u0119 internetow\u0105, dostosowan\u0105 do jego indywidualnych potrzeb,<\/li>\n\n\n\n<li>tworzenia statystyk, kt\u00f3re pomagaj\u0105 zrozumie\u0107, w jaki spos\u00f3b U\u017cytkownicy Serwisu korzystaj\u0105 ze stron internetowych, co umo\u017cliwia ulepszanie ich struktury i zawarto\u015bci;<\/li>\n\n\n\n<li>okre\u015blania profilu u\u017cytkownika w celu wy\u015bwietlania mu dopasowanych materia\u0142\u00f3w w sieciach reklamowych, w szczeg\u00f3lno\u015bci sieci Google.<\/li>\n<\/ul>\n\n<ol class=\"wp-block-list\" start=\"4\">\n<li>W ramach Serwisu stosowane s\u0105 dwa zasadnicze rodzaje plik\u00f3w cookies: \u201esesyjne\u201d (session cookies) oraz \u201esta\u0142e\u201d (persistent cookies). Cookies \u201esesyjne\u201d s\u0105 plikami tymczasowymi, kt\u00f3re przechowywane s\u0105 w urz\u0105dzeniu ko\u0144cowym U\u017cytkownika do czasu wylogowania, opuszczenia strony internetowej lub wy\u0142\u0105czenia oprogramowania (przegl\u0105darki internetowej). \u201eSta\u0142e\u201d pliki cookies przechowywane s\u0105 w urz\u0105dzeniu ko\u0144cowym U\u017cytkownika przez czas okre\u015blony w parametrach plik\u00f3w cookies lub do czasu ich usuni\u0119cia przez U\u017cytkownika.  <\/li>\n\n\n\n<li>Oprogramowanie do przegl\u0105dania stron internetowych (przegl\u0105darka internetowa) zazwyczaj domy\u015blnie dopuszcza przechowywanie plik\u00f3w cookies w urz\u0105dzeniu ko\u0144cowym U\u017cytkownika. U\u017cytkownicy Serwisu mog\u0105 dokona\u0107 zmiany ustawie\u0144 w tym zakresie. Przegl\u0105darka internetowa umo\u017cliwia usuni\u0119cie plik\u00f3w cookies. Mo\u017cliwe jest tak\u017ce automatyczne blokowanie plik\u00f3w cookies Szczeg\u00f3\u0142owe informacje na ten temat zawiera pomoc lub dokumentacja przegl\u0105darki internetowej.   <\/li>\n\n\n\n<li>Ograniczenia stosowania plik\u00f3w cookies mog\u0105 wp\u0142yn\u0105\u0107 na niekt\u00f3re funkcjonalno\u015bci dost\u0119pne na stronach internetowych Serwisu.<\/li>\n\n\n\n<li>Pliki cookie mog\u0105 by\u0107 wykorzystane przez sieci reklamowe, w szczeg\u00f3lno\u015bci sie\u0107 Google i Facebook, do wy\u015bwietlenia reklam dopasowanych do sposobu, w jaki u\u017cytkownik korzysta z Serwisu. W tym celu mog\u0105 zachowa\u0107 informacj\u0119 o \u015bcie\u017cce nawigacji u\u017cytkownika lub czasie pozostawania na danej stronie. <\/li>\n<\/ol>\n\n<p>\n          <strong class=\"\">\n            <u class=\"\">Postanowienia ko\u0144cowe<\/u>\n          <\/strong>\n        <\/p>\n\n<ol class=\"wp-block-list\">\n<li>Niniejsza Polityka wchodzi w \u017cycie z dniem <strong class=\"\">06.2023 r.<\/strong><\/li>\n\n\n\n<li>Zastrzegamy sobie prawo do zmiany Polityki Prywatno\u015bci i Polityki Cookies w ka\u017cdym czasie. Jednolity tekst polityki prywatno\u015bci i polityki cookies po zmianach b\u0119dzie dost\u0119pny na stronie: <strong><a href=\"http:\/\/realkrk.com\" class=\"\">realkrk.com<\/a><\/strong> <\/li>\n<\/ol>\n","protected":false},"excerpt":{"rendered":"<p>POLITYKA PRYWATNO\u015aCI I PLIK\u00d3W COOKIES Administratorem danych osobowych jest Klaudia Zaj\u0105c prowadz\u0105ca dzia\u0142alno\u015b\u0107 gospodarcz\u0105 pod firm\u0105 Klaudia Zaj\u0105c Real Estates, wpisan\u0105 do centralnej ewidencji i dzia\u0142alno\u015bci gospodarczej pod numerem NIP: 6372183603, REGON: 389325692, ul. Aleksandra Fredry 13 lok. 3, 30-605 Krak\u00f3w (dalej: \u201eAdministrator\u201d). Kontakt z Administratorem jest mo\u017cliwy za po\u015brednictwem: office@realkrk.com W jakim celu przetwarzamy [&hellip;]<\/p>\n","protected":false},"author":4,"featured_media":0,"parent":0,"menu_order":0,"comment_status":"closed","ping_status":"closed","template":"","meta":{"footnotes":""},"class_list":["post-49314","page","type-page","status-publish","hentry"],"yoast_head":"<!-- This site is optimized with the Yoast SEO plugin v20.10 - https:\/\/yoast.com\/wordpress\/plugins\/seo\/ -->\n<title>Polityka Prywatno\u015bci - REAL KRK<\/title>\n<meta name=\"robots\" content=\"noindex, nofollow\" \/>\n<meta property=\"og:locale\" content=\"pl_PL\" \/>\n<meta property=\"og:type\" content=\"article\" \/>\n<meta property=\"og:title\" content=\"Polityka Prywatno\u015bci - REAL KRK\" \/>\n<meta property=\"og:description\" content=\"POLITYKA PRYWATNO\u015aCI I PLIK\u00d3W COOKIES Administratorem danych osobowych jest Klaudia Zaj\u0105c prowadz\u0105ca dzia\u0142alno\u015b\u0107 gospodarcz\u0105 pod firm\u0105 Klaudia Zaj\u0105c Real Estates, wpisan\u0105 do centralnej ewidencji i dzia\u0142alno\u015bci gospodarczej pod numerem NIP: 6372183603, REGON: 389325692, ul. Aleksandra Fredry 13 lok. 3, 30-605 Krak\u00f3w (dalej: \u201eAdministrator\u201d). Kontakt z Administratorem jest mo\u017cliwy za po\u015brednictwem: office@realkrk.com W jakim celu przetwarzamy [&hellip;]\" \/>\n<meta property=\"og:url\" content=\"https:\/\/realkrk.com\/pl\/polityka-prywatnosci\/\" \/>\n<meta property=\"og:site_name\" content=\"REAL KRK\" \/>\n<meta property=\"article:modified_time\" content=\"2024-10-29T11:44:17+00:00\" \/>\n<meta property=\"og:image\" content=\"https:\/\/realkrk.com\/wp-content\/uploads\/2023\/08\/real-krk-social-logo.jpg\" \/>\n\t<meta property=\"og:image:width\" content=\"1200\" \/>\n\t<meta property=\"og:image:height\" content=\"628\" \/>\n\t<meta property=\"og:image:type\" content=\"image\/jpeg\" \/>\n<meta name=\"twitter:card\" content=\"summary_large_image\" \/>\n<meta name=\"twitter:label1\" content=\"Szacowany czas czytania\" \/>\n\t<meta name=\"twitter:data1\" content=\"5 minut\" \/>\n<script type=\"application\/ld+json\" class=\"yoast-schema-graph\">{\"@context\":\"https:\/\/schema.org\",\"@graph\":[{\"@type\":\"WebPage\",\"@id\":\"https:\/\/realkrk.com\/pl\/polityka-prywatnosci\/\",\"url\":\"https:\/\/realkrk.com\/pl\/polityka-prywatnosci\/\",\"name\":\"Polityka Prywatno\u015bci - REAL KRK\",\"isPartOf\":{\"@id\":\"https:\/\/realkrk.com\/pl\/#website\"},\"datePublished\":\"2023-07-03T12:45:18+00:00\",\"dateModified\":\"2024-10-29T11:44:17+00:00\",\"breadcrumb\":{\"@id\":\"https:\/\/realkrk.com\/pl\/polityka-prywatnosci\/#breadcrumb\"},\"inLanguage\":\"pl-PL\",\"potentialAction\":[{\"@type\":\"ReadAction\",\"target\":[\"https:\/\/realkrk.com\/pl\/polityka-prywatnosci\/\"]}]},{\"@type\":\"BreadcrumbList\",\"@id\":\"https:\/\/realkrk.com\/pl\/polityka-prywatnosci\/#breadcrumb\",\"itemListElement\":[{\"@type\":\"ListItem\",\"position\":1,\"name\":\"Home\",\"item\":\"https:\/\/realkrk.com\/pl\/\"},{\"@type\":\"ListItem\",\"position\":2,\"name\":\"Polityka Prywatno\u015bci\"}]},{\"@type\":\"WebSite\",\"@id\":\"https:\/\/realkrk.com\/pl\/#website\",\"url\":\"https:\/\/realkrk.com\/pl\/\",\"name\":\"REAL KRK\",\"description\":\"Real Estate in Krak\u00f3w\",\"potentialAction\":[{\"@type\":\"SearchAction\",\"target\":{\"@type\":\"EntryPoint\",\"urlTemplate\":\"https:\/\/realkrk.com\/pl\/?s={search_term_string}\"},\"query-input\":\"required name=search_term_string\"}],\"inLanguage\":\"pl-PL\"}]}<\/script>\n<!-- \/ Yoast SEO plugin. -->","yoast_head_json":{"title":"Polityka Prywatno\u015bci - REAL KRK","robots":{"index":"noindex","follow":"nofollow"},"og_locale":"pl_PL","og_type":"article","og_title":"Polityka Prywatno\u015bci - REAL KRK","og_description":"POLITYKA PRYWATNO\u015aCI I PLIK\u00d3W COOKIES Administratorem danych osobowych jest Klaudia Zaj\u0105c prowadz\u0105ca dzia\u0142alno\u015b\u0107 gospodarcz\u0105 pod firm\u0105 Klaudia Zaj\u0105c Real Estates, wpisan\u0105 do centralnej ewidencji i dzia\u0142alno\u015bci gospodarczej pod numerem NIP: 6372183603, REGON: 389325692, ul. Aleksandra Fredry 13 lok. 3, 30-605 Krak\u00f3w (dalej: \u201eAdministrator\u201d). Kontakt z Administratorem jest mo\u017cliwy za po\u015brednictwem: office@realkrk.com W jakim celu przetwarzamy [&hellip;]","og_url":"https:\/\/realkrk.com\/pl\/polityka-prywatnosci\/","og_site_name":"REAL KRK","article_modified_time":"2024-10-29T11:44:17+00:00","og_image":[{"width":1200,"height":628,"url":"https:\/\/realkrk.com\/wp-content\/uploads\/2023\/08\/real-krk-social-logo.jpg","type":"image\/jpeg"}],"twitter_card":"summary_large_image","twitter_misc":{"Szacowany czas czytania":"5 minut"},"schema":{"@context":"https:\/\/schema.org","@graph":[{"@type":"WebPage","@id":"https:\/\/realkrk.com\/pl\/polityka-prywatnosci\/","url":"https:\/\/realkrk.com\/pl\/polityka-prywatnosci\/","name":"Polityka Prywatno\u015bci - REAL KRK","isPartOf":{"@id":"https:\/\/realkrk.com\/pl\/#website"},"datePublished":"2023-07-03T12:45:18+00:00","dateModified":"2024-10-29T11:44:17+00:00","breadcrumb":{"@id":"https:\/\/realkrk.com\/pl\/polityka-prywatnosci\/#breadcrumb"},"inLanguage":"pl-PL","potentialAction":[{"@type":"ReadAction","target":["https:\/\/realkrk.com\/pl\/polityka-prywatnosci\/"]}]},{"@type":"BreadcrumbList","@id":"https:\/\/realkrk.com\/pl\/polityka-prywatnosci\/#breadcrumb","itemListElement":[{"@type":"ListItem","position":1,"name":"Home","item":"https:\/\/realkrk.com\/pl\/"},{"@type":"ListItem","position":2,"name":"Polityka Prywatno\u015bci"}]},{"@type":"WebSite","@id":"https:\/\/realkrk.com\/pl\/#website","url":"https:\/\/realkrk.com\/pl\/","name":"REAL KRK","description":"Real Estate in Krak\u00f3w","potentialAction":[{"@type":"SearchAction","target":{"@type":"EntryPoint","urlTemplate":"https:\/\/realkrk.com\/pl\/?s={search_term_string}"},"query-input":"required name=search_term_string"}],"inLanguage":"pl-PL"}]}},"_links":{"self":[{"href":"https:\/\/realkrk.com\/pl\/wp-json\/wp\/v2\/pages\/49314","targetHints":{"allow":["GET"]}}],"collection":[{"href":"https:\/\/realkrk.com\/pl\/wp-json\/wp\/v2\/pages"}],"about":[{"href":"https:\/\/realkrk.com\/pl\/wp-json\/wp\/v2\/types\/page"}],"author":[{"embeddable":true,"href":"https:\/\/realkrk.com\/pl\/wp-json\/wp\/v2\/users\/4"}],"replies":[{"embeddable":true,"href":"https:\/\/realkrk.com\/pl\/wp-json\/wp\/v2\/comments?post=49314"}],"version-history":[{"count":0,"href":"https:\/\/realkrk.com\/pl\/wp-json\/wp\/v2\/pages\/49314\/revisions"}],"wp:attachment":[{"href":"https:\/\/realkrk.com\/pl\/wp-json\/wp\/v2\/media?parent=49314"}],"curies":[{"name":"wp","href":"https:\/\/api.w.org\/{rel}","templated":true}]}}